{"id":20,"date":"2020-04-27T15:43:41","date_gmt":"2020-04-27T15:43:41","guid":{"rendered":"https:\/\/www.handi-mouv.fr\/?page_id=20"},"modified":"2025-03-14T10:06:08","modified_gmt":"2025-03-14T09:06:08","slug":"lesseances","status":"publish","type":"page","link":"https:\/\/www.handi-mouv.fr\/index.php\/lesseances\/","title":{"rendered":"Les s\u00e9ances"},"content":{"rendered":"<p><div class=\"fusion-fullwidth fullwidth-box fusion-builder-row-1 fusion-flex-container nonhundred-percent-fullwidth non-hundred-percent-height-scrolling\" style=\"background-color: rgba(255,255,255,0);background-position: center center;background-repeat: no-repeat;border-width: 0px 0px 0px 0px;border-color:#e2e2e2;border-style:solid;\" ><div class=\"fusion-builder-row fusion-row fusion-flex-align-items-flex-start\" style=\"max-width:1248px;margin-left: calc(-4% \/ 2 );margin-right: calc(-4% \/ 2 );\"><div class=\"fusion-layout-column fusion_builder_column fusion-builder-column-0 fusion_builder_column_1_1 1_1 fusion-flex-column fusion-animated\" data-animationType=\"fadeInUp\" data-animationDuration=\"1.0\" data-animationOffset=\"100%\"><div class=\"fusion-column-wrapper fusion-flex-justify-content-flex-start fusion-content-layout-column\" style=\"background-position:left top;background-repeat:no-repeat;-webkit-background-size:cover;-moz-background-size:cover;-o-background-size:cover;background-size:cover;padding: 0px 0px 0px 0px;\"><style type=\"text\/css\">@media only screen and (max-width:1200px) {.fusion-title.fusion-title-1{margin-top:0px!important;margin-bottom:0px!important;}}@media only screen and (max-width:640px) {.fusion-title.fusion-title-1{margin-top:40px!important;margin-bottom:0px!important;}}<\/style><div class=\"fusion-title title fusion-title-1 fusion-sep-none fusion-title-center fusion-title-text fusion-title-size-two\" style=\"font-size:35px;margin-top:0px;margin-bottom:0px;\"><h2 class=\"title-heading-center\" style=\"font-family:&quot;Montserrat&quot;;font-weight:600;margin:0;font-size:1em;line-height:1;color:#336e6a;\">Mes s\u00e9ances de sport adapt\u00e9<\/h2><\/div><\/div><\/div><style type=\"text\/css\">.fusion-body .fusion-builder-column-0{width:100% !important;margin-top : 0px;margin-bottom : 20px;}.fusion-builder-column-0 > .fusion-column-wrapper {padding-top : 0px !important;padding-right : 0px !important;margin-right : 1.92%;padding-bottom : 0px !important;padding-left : 0px !important;margin-left : 1.92%;}@media only screen and (max-width:1200px) {.fusion-body .fusion-builder-column-0{width:100% !important;}.fusion-builder-column-0 > .fusion-column-wrapper {margin-right : 1.92%;margin-left : 1.92%;}}@media only screen and (max-width:640px) {.fusion-body .fusion-builder-column-0{width:100% !important;}.fusion-builder-column-0 > .fusion-column-wrapper {margin-right : 1.92%;margin-left : 1.92%;}}<\/style><div class=\"fusion-layout-column fusion_builder_column fusion-builder-column-1 fusion_builder_column_1_5 1_5 fusion-flex-column fusion-no-small-visibility fusion-no-medium-visibility\"><div class=\"fusion-column-wrapper fusion-flex-justify-content-flex-start fusion-content-layout-column\" style=\"background-position:left top;background-repeat:no-repeat;-webkit-background-size:cover;-moz-background-size:cover;-o-background-size:cover;background-size:cover;padding: 0px 0px 0px 0px;\"><\/div><\/div><style type=\"text\/css\">.fusion-body .fusion-builder-column-1{width:20% !important;margin-top : 0px;margin-bottom : 20px;}.fusion-builder-column-1 > .fusion-column-wrapper {padding-top : 0px !important;padding-right : 0px !important;margin-right : 9.6%;padding-bottom : 0px !important;padding-left : 0px !important;margin-left : 9.6%;}@media only screen and (max-width:1200px) {.fusion-body .fusion-builder-column-1{width:100% !important;}.fusion-builder-column-1 > .fusion-column-wrapper {margin-right : 1.92%;margin-left : 1.92%;}}@media only screen and (max-width:640px) {.fusion-body .fusion-builder-column-1{width:100% !important;}.fusion-builder-column-1 > .fusion-column-wrapper {margin-right : 1.92%;margin-left : 1.92%;}}<\/style><div class=\"fusion-layout-column fusion_builder_column fusion-builder-column-2 fusion_builder_column_3_5 3_5 fusion-flex-column fusion-animated\" data-animationType=\"fadeInUp\" data-animationDuration=\"1.0\" data-animationOffset=\"100%\"><div class=\"fusion-column-wrapper fusion-flex-justify-content-flex-start fusion-content-layout-column\" style=\"background-position:left top;background-repeat:no-repeat;-webkit-background-size:cover;-moz-background-size:cover;-o-background-size:cover;background-size:cover;padding: 0px 0px 0px 0px;\"><div class=\"fusion-text fusion-text-1\" style=\"transform:translate3d(0,0,0);\"><p>Toutes les prises en charge d\u00e9butent par un entretien pr\u00e9alable afin de nous rencontrer et d\u2019\u00e9valuer ensemble les attentes et les besoins. Nous profiterons de cette entrevue pour d\u00e9finir les objectifs et les modalit\u00e9s d&#8217;accompagnement (jour, horaire, nombre de s\u00e9ances, etc.). Apr\u00e8s la premi\u00e8re s\u00e9ance, un projet th\u00e9rapeutique vous sera transmis, que nous validerons ensemble.<\/p>\n<p>Mes s\u00e9ances, en fonction des besoins des participants, peuvent \u00eatre bas\u00e9es sur le sport de comp\u00e9tition, o\u00f9 nous cherchons la performance et l&#8217;inclusion en club ordinaire, ou sur le sport r\u00e9cr\u00e9atif et de d\u00e9couverte, permettant aux participants de s&#8217;inscrire dans une d\u00e9marche d&#8217;expression de soi et de gestion de leurs \u00e9motions. Je propose \u00e9galement des s\u00e9ances de sport sant\u00e9, qui peuvent \u00eatre individuelles ou en groupe.<\/p>\n<p>Mon domaine d\u2019activit\u00e9 s\u2019\u00e9tend \u00e9galement au milieu culturel (peinture, photographie, th\u00e9\u00e2tre), o\u00f9 l\u2019expression de soi et la cr\u00e9ativit\u00e9 permettent aux pratiquants de s\u2019exprimer et d\u2019articuler leurs \u00e9motions.<\/p>\n<\/div><div style=\"text-align:center;\"><span class=\" fusion-imageframe imageframe-none imageframe-1 hover-type-none\"><img width=\"300\" height=\"200\" title=\"Handisport-600&#215;400\" src=\"https:\/\/www.handi-mouv.fr\/wp-content\/uploads\/2021\/04\/Handisport-600x400-1.jpg\" data-orig-src=\"https:\/\/www.handi-mouv.fr\/wp-content\/uploads\/2021\/04\/Handisport-600x400-1-300x200.jpg\" class=\"lazyload img-responsive wp-image-890\" srcset=\"data:image\/svg+xml,%3Csvg%20xmlns%3D%27http%3A%2F%2Fwww.w3.org%2F2000%2Fsvg%27%20width%3D%27600%27%20height%3D%27400%27%20viewBox%3D%270%200%20600%20400%27%3E%3Crect%20width%3D%27600%27%20height%3D%273400%27%20fill-opacity%3D%220%22%2F%3E%3C%2Fsvg%3E\" data-srcset=\"https:\/\/www.handi-mouv.fr\/wp-content\/uploads\/2021\/04\/Handisport-600x400-1-200x133.jpg 200w, https:\/\/www.handi-mouv.fr\/wp-content\/uploads\/2021\/04\/Handisport-600x400-1-400x267.jpg 400w, https:\/\/www.handi-mouv.fr\/wp-content\/uploads\/2021\/04\/Handisport-600x400-1.jpg 600w\" data-sizes=\"auto\" data-orig-sizes=\"(max-width: 1200px) 100vw, (max-width: 640px) 100vw, 300px\" \/><\/span><\/div><\/div><\/div><style type=\"text\/css\">.fusion-body .fusion-builder-column-2{width:60% !important;margin-top : 0px;margin-bottom : 20px;}.fusion-builder-column-2 > .fusion-column-wrapper {padding-top : 0px !important;padding-right : 0px !important;margin-right : 3.2%;padding-bottom : 0px !important;padding-left : 0px !important;margin-left : 3.2%;}@media only screen and (max-width:1200px) {.fusion-body .fusion-builder-column-2{width:100% !important;}.fusion-builder-column-2 > .fusion-column-wrapper {margin-right : 1.92%;margin-left : 1.92%;}}@media only screen and (max-width:640px) {.fusion-body .fusion-builder-column-2{width:100% !important;}.fusion-builder-column-2 > .fusion-column-wrapper {margin-right : 1.92%;margin-left : 1.92%;}}<\/style><div class=\"fusion-layout-column fusion_builder_column fusion-builder-column-3 fusion_builder_column_1_5 1_5 fusion-flex-column fusion-no-small-visibility fusion-no-medium-visibility\"><div class=\"fusion-column-wrapper fusion-flex-justify-content-flex-start fusion-content-layout-column\" style=\"background-position:left top;background-repeat:no-repeat;-webkit-background-size:cover;-moz-background-size:cover;-o-background-size:cover;background-size:cover;padding: 0px 0px 0px 0px;\"><\/div><\/div><style type=\"text\/css\">.fusion-body .fusion-builder-column-3{width:20% !important;margin-top : 0px;margin-bottom : 20px;}.fusion-builder-column-3 > .fusion-column-wrapper {padding-top : 0px !important;padding-right : 0px !important;margin-right : 9.6%;padding-bottom : 0px !important;padding-left : 0px !important;margin-left : 9.6%;}@media only screen and (max-width:1200px) {.fusion-body .fusion-builder-column-3{width:100% !important;}.fusion-builder-column-3 > .fusion-column-wrapper {margin-right : 1.92%;margin-left : 1.92%;}}@media only screen and (max-width:640px) {.fusion-body .fusion-builder-column-3{width:100% !important;}.fusion-builder-column-3 > .fusion-column-wrapper {margin-right : 1.92%;margin-left : 1.92%;}}<\/style><\/div><style type=\"text\/css\">.fusion-body .fusion-flex-container.fusion-builder-row-1{ padding-top : 6%;margin-top : 0px;padding-right : 0px;padding-bottom : 6%;margin-bottom : 0px;padding-left : 0px;}<\/style><\/div><div class=\"fusion-fullwidth fullwidth-box fusion-builder-row-2 fusion-flex-container nonhundred-percent-fullwidth non-hundred-percent-height-scrolling\" style=\"background-color: rgba(255,255,255,0);background-position: center center;background-repeat: no-repeat;border-width: 0px 0px 0px 0px;border-color:#e2e2e2;border-style:solid;\" ><div class=\"fusion-builder-row fusion-row fusion-flex-align-items-flex-start\" style=\"max-width:1248px;margin-left: calc(-4% \/ 2 );margin-right: calc(-4% \/ 2 );\"><div class=\"fusion-layout-column fusion_builder_column fusion-builder-column-4 fusion_builder_column_1_1 1_1 fusion-flex-column\"><div class=\"fusion-column-wrapper fusion-flex-justify-content-flex-start fusion-content-layout-column\" style=\"background-position:left top;background-repeat:no-repeat;-webkit-background-size:cover;-moz-background-size:cover;-o-background-size:cover;background-size:cover;padding: 0px 0px 0px 0px;\">\n<div class=\"table-1\">\n<table width=\"100%\">\n<thead>\n<tr>\n<th style=\"text-align: center;\" align=\"left\">Activit\u00e9s d&#8217;adaptation \u00e0 l&#8217;environnement<\/th>\n<th style=\"text-align: center;\" align=\"left\">Activit\u00e9s de revendication de ses capacit\u00e9s<\/th>\n<th style=\"text-align: center;\" align=\"left\">Activit\u00e9s d&#8217;expression, de cr\u00e9ation et de production<\/th>\n<\/tr>\n<\/thead>\n<tbody>\n<tr>\n<td align=\"left\">Un processus de <strong>gestion de soi&nbsp;<\/strong>se met en jeu pour trouver ses adaptations \u00e0 l&#8217;environnement: g\u00e9rer ses capacit\u00e9s physiques, g\u00e9rer son rapport \u00e0 l&#8217;environnement, g\u00e9rer son orientation.<\/td>\n<td align=\"left\">Le processus&nbsp;<strong>d&#8217;engagement affectif et cognitif&nbsp;<\/strong>se met en jeu our rechercher la performance: Avoir des intentions et prendre des d\u00e9cisions tactiques (strat\u00e9gies) pour engager l&#8217;affrontement individuellement, collectivement, face \u00e0 l&#8217;autre, aux autres ou au temps.<\/td>\n<td align=\"left\">Un processus&nbsp;<strong>d&#8217;expression et de cr\u00e9ation&nbsp;<\/strong>se met en jeu pour \u00e9laborer un langage corporel symbolique afin d&#8217;offrir un message au public: Exprimer des sensations, des id\u00e9es, des \u00e9motions, les articuler dans un langage, les chor\u00e9graphier, les mettre en sc\u00e8ne, les offrir<\/td>\n<\/tr>\n<tr>\n<td align=\"left\">Activit\u00e9s aquatiques, activit\u00e9s athl\u00e9tiques, activit\u00e9s de pleine nature (VTT, randonn\u00e9e, raquette \u00e0 neige, ski, ski de fond, escalade, voile, cano\u00eb) Activit\u00e9 en milieu urbain (roller, skate-board, v\u00e9lo&#8230;)<\/p>\n<p>Lorsque le pratiquant recherche la performance, il part de ses processus d&#8217;adaptation pour revendique ses capacit\u00e9s.<\/p>\n<\/td>\n<td align=\"left\">Jeux et sports collectifs, activit\u00e9s duelles d&#8217;oppositions (judo, lutte, tennis, badminton, tennis de table&#8230;) p\u00e9tanque, tir \u00e0 l&#8217;arc&#8230;<\/p>\n<p>Natation, athl\u00e9tisme, course de montagne, course d&#8217;orientation, performance artistique, production de spectacle.<\/p>\n<\/td>\n<td align=\"left\">Danse, arts du cirque&#8230;<\/p>\n<p>Lorsque le pratiquant recherche \u00e0 se produire face \u00e0 un public, il part de ses processus d&#8217;expression, de cr\u00e9ation et de production pour revendiquer ses capacit\u00e9s (spectacle, performance)<\/p>\n<\/td>\n<\/tr>\n<tr>\n<td align=\"left\">Marche, promenade<\/td>\n<td align=\"left\"><\/td>\n<td align=\"left\">Peinture, photo, th\u00e9\u00e2tre, vid\u00e9o, po\u00e9sie&#8230;<\/td>\n<\/tr>\n<\/tbody>\n<\/table>\n<\/div>\n<\/div><\/div><style type=\"text\/css\">.fusion-body .fusion-builder-column-4{width:100% !important;margin-top : 0px;margin-bottom : 20px;}.fusion-builder-column-4 > .fusion-column-wrapper {padding-top : 0px !important;padding-right : 0px !important;margin-right : 1.92%;padding-bottom : 0px !important;padding-left : 0px !important;margin-left : 1.92%;}@media only screen and (max-width:1200px) {.fusion-body .fusion-builder-column-4{width:100% !important;order : 0;}.fusion-builder-column-4 > .fusion-column-wrapper {margin-right : 1.92%;margin-left : 1.92%;}}@media only screen and (max-width:640px) {.fusion-body .fusion-builder-column-4{width:100% !important;order : 0;}.fusion-builder-column-4 > .fusion-column-wrapper {margin-right : 1.92%;margin-left : 1.92%;}}<\/style><\/div><style type=\"text\/css\">.fusion-body .fusion-flex-container.fusion-builder-row-2{ padding-top : 0px;margin-top : 0px;padding-right : 0px;padding-bottom : 0px;margin-bottom : 0px;padding-left : 0px;}<\/style><\/div><\/p>\n","protected":false},"excerpt":{"rendered":"","protected":false},"author":1,"featured_media":0,"parent":0,"menu_order":0,"comment_status":"closed","ping_status":"closed","template":"100-width.php","meta":[],"_links":{"self":[{"href":"https:\/\/www.handi-mouv.fr\/index.php\/wp-json\/wp\/v2\/pages\/20"}],"collection":[{"href":"https:\/\/www.handi-mouv.fr\/index.php\/wp-json\/wp\/v2\/pages"}],"about":[{"href":"https:\/\/www.handi-mouv.fr\/index.php\/wp-json\/wp\/v2\/types\/page"}],"author":[{"embeddable":true,"href":"https:\/\/www.handi-mouv.fr\/index.php\/wp-json\/wp\/v2\/users\/1"}],"replies":[{"embeddable":true,"href":"https:\/\/www.handi-mouv.fr\/index.php\/wp-json\/wp\/v2\/comments?post=20"}],"version-history":[{"count":23,"href":"https:\/\/www.handi-mouv.fr\/index.php\/wp-json\/wp\/v2\/pages\/20\/revisions"}],"predecessor-version":[{"id":955,"href":"https:\/\/www.handi-mouv.fr\/index.php\/wp-json\/wp\/v2\/pages\/20\/revisions\/955"}],"wp:attachment":[{"href":"https:\/\/www.handi-mouv.fr\/index.php\/wp-json\/wp\/v2\/media?parent=20"}],"curies":[{"name":"wp","href":"https:\/\/api.w.org\/{rel}","templated":true}]}}