{"id":22,"date":"2020-04-27T15:43:53","date_gmt":"2020-04-27T15:43:53","guid":{"rendered":"https:\/\/www.handi-mouv.fr\/?page_id=22"},"modified":"2025-03-09T22:34:53","modified_gmt":"2025-03-09T21:34:53","slug":"about-me","status":"publish","type":"page","link":"https:\/\/www.handi-mouv.fr\/index.php\/about-me\/","title":{"rendered":"Tarifs"},"content":{"rendered":"<div class=\"fusion-fullwidth fullwidth-box fusion-builder-row-1 fusion-flex-container nonhundred-percent-fullwidth non-hundred-percent-height-scrolling\" style=\"background-color: rgba(255,255,255,0);background-position: center center;background-repeat: no-repeat;border-width: 0px 0px 0px 0px;border-color:#e2e2e2;border-style:solid;\" ><div class=\"fusion-builder-row fusion-row fusion-flex-align-items-flex-start\" style=\"max-width:1248px;margin-left: calc(-4% \/ 2 );margin-right: calc(-4% \/ 2 );\"><div class=\"fusion-layout-column fusion_builder_column fusion-builder-column-0 fusion_builder_column_1_1 1_1 fusion-flex-column\"><div class=\"fusion-column-wrapper fusion-flex-justify-content-flex-start fusion-content-layout-column\" style=\"background-position:left top;background-repeat:no-repeat;-webkit-background-size:cover;-moz-background-size:cover;-o-background-size:cover;background-size:cover;padding: 0px 0px 0px 0px;\"><style type=\"text\/css\">@media only screen and (max-width:1200px) {.fusion-title.fusion-title-1{margin-top:10px!important;margin-bottom:15px!important;}}@media only screen and (max-width:640px) {.fusion-title.fusion-title-1{margin-top:10px!important;margin-bottom:10px!important;}}<\/style><div class=\"fusion-title title fusion-title-1 fusion-sep-none fusion-title-text fusion-title-size-one\" style=\"margin-top:10px;margin-bottom:15px;\"><h1 class=\"title-heading-left\" style=\"margin:0;\"><h3 style=\"text-align: center;\"><span style=\"color: #000000;\"><strong>S\u00e9ance individuelle\u00a0<\/strong><\/span><\/h3><\/h1><\/div><div class=\"fusion-text fusion-text-1\" style=\"transform:translate3d(0,0,0);\"><p style=\"text-align: center;\">Les s\u00e9ances de sport adapt\u00e9 r\u00e9alis\u00e9es en individuel durent en g\u00e9n\u00e9ral 45 min \u00e0 1 heure.<\/p>\n<p style=\"text-align: center;\">Le tarif est fix\u00e9 \u00e0 <strong>45 euros.<\/strong><\/p>\n<\/div><div style=\"text-align:center;\"><span class=\" fusion-imageframe imageframe-none imageframe-1 hover-type-none\"><img width=\"300\" height=\"164\" title=\"image sport\" src=\"https:\/\/www.handi-mouv.fr\/wp-content\/uploads\/2021\/04\/image-sport-.jpg\" data-orig-src=\"https:\/\/www.handi-mouv.fr\/wp-content\/uploads\/2021\/04\/image-sport--300x164.jpg\" class=\"lazyload img-responsive wp-image-883\" srcset=\"data:image\/svg+xml,%3Csvg%20xmlns%3D%27http%3A%2F%2Fwww.w3.org%2F2000%2Fsvg%27%20width%3D%271866%27%20height%3D%271018%27%20viewBox%3D%270%200%201866%201018%27%3E%3Crect%20width%3D%271866%27%20height%3D%2731018%27%20fill-opacity%3D%220%22%2F%3E%3C%2Fsvg%3E\" data-srcset=\"https:\/\/www.handi-mouv.fr\/wp-content\/uploads\/2021\/04\/image-sport--200x109.jpg 200w, https:\/\/www.handi-mouv.fr\/wp-content\/uploads\/2021\/04\/image-sport--400x218.jpg 400w, https:\/\/www.handi-mouv.fr\/wp-content\/uploads\/2021\/04\/image-sport--600x327.jpg 600w, https:\/\/www.handi-mouv.fr\/wp-content\/uploads\/2021\/04\/image-sport--800x436.jpg 800w, https:\/\/www.handi-mouv.fr\/wp-content\/uploads\/2021\/04\/image-sport--1200x655.jpg 1200w, https:\/\/www.handi-mouv.fr\/wp-content\/uploads\/2021\/04\/image-sport-.jpg 1866w\" data-sizes=\"auto\" data-orig-sizes=\"(max-width: 1200px) 100vw, (max-width: 640px) 100vw, 1200px\" \/><\/span><\/div><style type=\"text\/css\">@media only screen and (max-width:1200px) {.fusion-title.fusion-title-2{margin-top:10px!important;margin-bottom:15px!important;}}@media only screen and (max-width:640px) {.fusion-title.fusion-title-2{margin-top:10px!important;margin-bottom:10px!important;}}<\/style><div class=\"fusion-title title fusion-title-2 fusion-sep-none fusion-title-text fusion-title-size-one\" style=\"margin-top:10px;margin-bottom:15px;\"><h1 class=\"title-heading-left\" style=\"margin:0;\"><h3 style=\"text-align: center;\"><span style=\"color: #000000;\"><strong>S\u00e9ance de groupe<\/strong><\/span><\/h3><\/h1><\/div><div class=\"fusion-text fusion-text-2\" style=\"transform:translate3d(0,0,0);\"><p style=\"text-align: center;\">Les s\u00e9ances de groupe pour le sport adapt\u00e9 r\u00e9alis\u00e9es en groupe durent en g\u00e9n\u00e9ral 1h. Le tarif est de 45 euros (groupe de 3 personnes) + 5 euros par participants.<\/p>\n<\/div><\/div><\/div><style type=\"text\/css\">.fusion-body .fusion-builder-column-0{width:100% !important;margin-top : 0px;margin-bottom : 20px;}.fusion-builder-column-0 > .fusion-column-wrapper {padding-top : 0px !important;padding-right : 0px !important;margin-right : 1.92%;padding-bottom : 0px !important;padding-left : 0px !important;margin-left : 1.92%;}@media only screen and (max-width:1200px) {.fusion-body .fusion-builder-column-0{width:100% !important;order : 0;}.fusion-builder-column-0 > .fusion-column-wrapper {margin-right : 1.92%;margin-left : 1.92%;}}@media only screen and (max-width:640px) {.fusion-body .fusion-builder-column-0{width:100% !important;order : 0;}.fusion-builder-column-0 > .fusion-column-wrapper {margin-right : 1.92%;margin-left : 1.92%;}}<\/style><\/div><style type=\"text\/css\">.fusion-body .fusion-flex-container.fusion-builder-row-1{ padding-top : 0px;margin-top : 0px;padding-right : 0px;padding-bottom : 0px;margin-bottom : 0px;padding-left : 0px;}<\/style><\/div>\n","protected":false},"excerpt":{"rendered":"","protected":false},"author":1,"featured_media":0,"parent":0,"menu_order":0,"comment_status":"closed","ping_status":"closed","template":"100-width.php","meta":[],"_links":{"self":[{"href":"https:\/\/www.handi-mouv.fr\/index.php\/wp-json\/wp\/v2\/pages\/22"}],"collection":[{"href":"https:\/\/www.handi-mouv.fr\/index.php\/wp-json\/wp\/v2\/pages"}],"about":[{"href":"https:\/\/www.handi-mouv.fr\/index.php\/wp-json\/wp\/v2\/types\/page"}],"author":[{"embeddable":true,"href":"https:\/\/www.handi-mouv.fr\/index.php\/wp-json\/wp\/v2\/users\/1"}],"replies":[{"embeddable":true,"href":"https:\/\/www.handi-mouv.fr\/index.php\/wp-json\/wp\/v2\/comments?post=22"}],"version-history":[{"count":12,"href":"https:\/\/www.handi-mouv.fr\/index.php\/wp-json\/wp\/v2\/pages\/22\/revisions"}],"predecessor-version":[{"id":947,"href":"https:\/\/www.handi-mouv.fr\/index.php\/wp-json\/wp\/v2\/pages\/22\/revisions\/947"}],"wp:attachment":[{"href":"https:\/\/www.handi-mouv.fr\/index.php\/wp-json\/wp\/v2\/media?parent=22"}],"curies":[{"name":"wp","href":"https:\/\/api.w.org\/{rel}","templated":true}]}}