{"id":787,"date":"2020-04-27T15:40:33","date_gmt":"2020-04-27T15:40:33","guid":{"rendered":"https:\/\/www.handi-mouv.fr\/?page_id=8"},"modified":"2023-06-18T18:22:37","modified_gmt":"2023-06-18T16:22:37","slug":"online-tutor-home","status":"publish","type":"page","link":"https:\/\/www.handi-mouv.fr\/","title":{"rendered":"Handi-Mouv"},"content":{"rendered":"<p><div class=\"fusion-fullwidth fullwidth-box fusion-builder-row-1 fusion-flex-container fusion-parallax-none nonhundred-percent-fullwidth non-hundred-percent-height-scrolling fusion-no-large-visibility lazyload\" style=\"background-color: rgba(255,255,255,0);background-image:linear-gradient(319deg, rgba(236,249,248,0.75) 24%,rgba(255,255,255,0) 66%);background-position: center center;background-repeat: no-repeat;border-width: 0px 0px 0px 0px;border-color:#e2e2e2;border-style:solid;-webkit-background-size:cover;-moz-background-size:cover;-o-background-size:cover;background-size:cover;\" data-bg=\"https:\/\/www.handi-mouv.fr\/wp-content\/uploads\/2020\/04\/header-background-pattern-scaled-1.jpg\" data-bg-gradient=\"linear-gradient(319deg, rgba(236,249,248,0.75) 24%,rgba(255,255,255,0) 66%)\" ><div class=\"fusion-builder-row fusion-row fusion-flex-align-items-stretch\" style=\"max-width:calc( 1200px + 0px );margin-left: calc(-0px \/ 2 );margin-right: calc(-0px \/ 2 );\"><div class=\"fusion-layout-column fusion_builder_column fusion-builder-column-0 fusion_builder_column_1_2 1_2 fusion-flex-column fusion-animated\" data-animationType=\"fadeInUp\" data-animationDuration=\"1.0\" data-animationOffset=\"100%\"><div class=\"fusion-column-wrapper fusion-flex-justify-content-center fusion-content-layout-column\" style=\"background-position:left top;background-repeat:no-repeat;-webkit-background-size:cover;-moz-background-size:cover;-o-background-size:cover;background-size:cover;padding: 0px 0px 0px 0px;\"><div style=\"text-align:center;\"><span class=\" fusion-imageframe imageframe-none imageframe-1 hover-type-none\"><img width=\"252\" height=\"300\" title=\"IMG_1797 v4\" src=\"https:\/\/www.handi-mouv.fr\/wp-content\/uploads\/2021\/04\/IMG_1797-v4.png\" data-orig-src=\"https:\/\/www.handi-mouv.fr\/wp-content\/uploads\/2021\/04\/IMG_1797-v4-252x300.png\" class=\"lazyload img-responsive wp-image-871\" srcset=\"data:image\/svg+xml,%3Csvg%20xmlns%3D%27http%3A%2F%2Fwww.w3.org%2F2000%2Fsvg%27%20width%3D%273631%27%20height%3D%274320%27%20viewBox%3D%270%200%203631%204320%27%3E%3Crect%20width%3D%273631%27%20height%3D%2734320%27%20fill-opacity%3D%220%22%2F%3E%3C%2Fsvg%3E\" data-srcset=\"https:\/\/www.handi-mouv.fr\/wp-content\/uploads\/2021\/04\/IMG_1797-v4-200x238.png 200w, https:\/\/www.handi-mouv.fr\/wp-content\/uploads\/2021\/04\/IMG_1797-v4-400x476.png 400w, https:\/\/www.handi-mouv.fr\/wp-content\/uploads\/2021\/04\/IMG_1797-v4-600x714.png 600w, https:\/\/www.handi-mouv.fr\/wp-content\/uploads\/2021\/04\/IMG_1797-v4-800x952.png 800w, https:\/\/www.handi-mouv.fr\/wp-content\/uploads\/2021\/04\/IMG_1797-v4-1200x1428.png 1200w\" data-sizes=\"auto\" data-orig-sizes=\"(max-width: 1200px) 100vw, (max-width: 640px) 100vw, 800px\" \/><\/span><\/div><style type=\"text\/css\">@media only screen and (max-width:1200px) {.fusion-title.fusion-title-1{margin-top:10px!important;margin-bottom:15px!important;}}@media only screen and (max-width:640px) {.fusion-title.fusion-title-1{margin-top:10px!important;margin-bottom:10px!important;}}<\/style><div class=\"fusion-title title fusion-title-1 fusion-sep-none fusion-title-center fusion-title-text fusion-title-size-two\" style=\"font-size:34px;margin-top:10px;margin-bottom:15px;\"><h2 class=\"title-heading-center\" style=\"font-family:&quot;Montserrat&quot;;font-weight:700;margin:0;font-size:1em;color:#dd5f56;\">Bienvenue<\/h2><\/div><div class=\"fusion-text fusion-text-1\" style=\"transform:translate3d(0,0,0);\"><p style=\"text-align: center;\">Bonjour, je m&#8217;appelle Hugo Breyer et je suis \u00e9ducateur sportif sp\u00e9cialis\u00e9 dans le secteur de Colmar et Mulhouse (68)<\/p>\n<p style=\"text-align: center;\">Passionn\u00e9 de sport depuis l&#8217;enfance j&#8217;ai souhait\u00e9 me former pour pouvoir transmettre cette m\u00eame passion \u00e0 tous les publics.<\/p>\n<p style=\"text-align: center;\">Je suis dipl\u00f4m\u00e9 de la facult\u00e9 de Strasbourg d&#8217;un DEUST Sport adapt\u00e9 ce qui m&#8217;a permis d&#8217;acqu\u00e9rir les comp\u00e9tences d&#8217;accompagnement et d&#8217;identification des besoins chez les personnes en situation de handicap.<\/p>\n<p style=\"text-align: center;\">Je suis dans la capacit\u00e9 d&#8217;encadrer tous types de handicap afin de vous accompagner au mieux. Je me ferai un plaisir de vous rencontrer pour construire un projet ensemble.<\/p>\n<\/div><div class=\"fusion-separator\" style=\"align-self: center;margin-left: auto;margin-right: auto;margin-bottom:30px;width:100%;max-width:120px;\"><div class=\"fusion-separator-border sep-single\" style=\"border-color:#7bb3af;border-top-width:4px;\"><\/div><\/div><div class=\"fusion-separator fusion-full-width-sep\" style=\"align-self: center;margin-left: auto;margin-right: auto;margin-top:5px;width:100%;\"><div class=\"fusion-separator-border sep-single\" style=\"border-color:#7bb3af;border-top-width:0px;\"><\/div><\/div><div class=\"fusion-separator fusion-full-width-sep\" style=\"align-self: center;margin-left: auto;margin-right: auto;margin-top:20px;width:100%;\"><div class=\"fusion-separator-border sep-single\" style=\"border-color:#7bb3af;border-top-width:0px;\"><\/div><\/div><div class=\"fusion-separator fusion-full-width-sep\" style=\"align-self: center;margin-left: auto;margin-right: auto;margin-top:5px;width:100%;\"><div class=\"fusion-separator-border sep-single\" style=\"border-color:#7bb3af;border-top-width:0px;\"><\/div><\/div><\/div><\/div><style type=\"text\/css\">.fusion-body .fusion-builder-column-0{width:50% !important;margin-top : 0px;margin-bottom : 0px;}.fusion-builder-column-0 > .fusion-column-wrapper {padding-top : 0px !important;padding-right : 0px !important;margin-right : 0px;padding-bottom : 0px !important;padding-left : 0px !important;margin-left : 0px;}@media only screen and (max-width:1200px) {.fusion-body .fusion-builder-column-0{width:100% !important;}.fusion-builder-column-0 > .fusion-column-wrapper {margin-right : 0px;margin-left : 0px;}}@media only screen and (max-width:640px) {.fusion-body .fusion-builder-column-0{width:100% !important;}.fusion-builder-column-0 > .fusion-column-wrapper {margin-right : 0px;margin-left : 0px;}}<\/style><\/div><style type=\"text\/css\">.fusion-body .fusion-flex-container.fusion-builder-row-1{ padding-top : 60px;margin-top : 0px;padding-right : 0px;padding-bottom : 60px;margin-bottom : 0px;padding-left : 0px;}<\/style><\/div><div class=\"fusion-fullwidth fullwidth-box fusion-builder-row-2 fusion-flex-container fusion-parallax-none nonhundred-percent-fullwidth non-hundred-percent-height-scrolling fusion-no-small-visibility fusion-no-medium-visibility lazyload\" style=\"background-color: rgba(255,255,255,0);background-image:linear-gradient(319deg, rgba(236,249,248,0.75) 24%,rgba(255,255,255,0) 66%);background-position: center center;background-repeat: no-repeat;border-width: 0px 0px 0px 0px;border-color:#e2e2e2;border-style:solid;-webkit-background-size:cover;-moz-background-size:cover;-o-background-size:cover;background-size:cover;\" data-bg=\"https:\/\/www.handi-mouv.fr\/wp-content\/uploads\/2020\/04\/header-background-pattern-scaled-1.jpg\" data-bg-gradient=\"linear-gradient(319deg, rgba(236,249,248,0.75) 24%,rgba(255,255,255,0) 66%)\" ><div class=\"fusion-builder-row fusion-row fusion-flex-align-items-stretch\" style=\"max-width:1248px;margin-left: calc(-4% \/ 2 );margin-right: calc(-4% \/ 2 );\"><div class=\"fusion-layout-column fusion_builder_column fusion-builder-column-1 fusion-flex-column\"><div class=\"fusion-column-wrapper fusion-flex-justify-content-flex-end fusion-content-layout-column\" style=\"background-position:left top;background-repeat:no-repeat;-webkit-background-size:cover;-moz-background-size:cover;-o-background-size:cover;background-size:cover;padding: 0px 0px 0px 0px;\"><div style=\"text-align:right;\"><span class=\" fusion-imageframe imageframe-none imageframe-2 hover-type-none fusion-animated\" data-animationType=\"fadeInLeft\" data-animationDuration=\"1.0\" data-animationOffset=\"100%\"><img width=\"3631\" height=\"4320\" title=\"IMG_1797 v4\" src=\"https:\/\/www.handi-mouv.fr\/wp-content\/uploads\/2021\/04\/IMG_1797-v4.png\" data-orig-src=\"https:\/\/www.handi-mouv.fr\/wp-content\/uploads\/2021\/04\/IMG_1797-v4.png\" class=\"lazyload img-responsive wp-image-871\" srcset=\"data:image\/svg+xml,%3Csvg%20xmlns%3D%27http%3A%2F%2Fwww.w3.org%2F2000%2Fsvg%27%20width%3D%273631%27%20height%3D%274320%27%20viewBox%3D%270%200%203631%204320%27%3E%3Crect%20width%3D%273631%27%20height%3D%2734320%27%20fill-opacity%3D%220%22%2F%3E%3C%2Fsvg%3E\" data-srcset=\"https:\/\/www.handi-mouv.fr\/wp-content\/uploads\/2021\/04\/IMG_1797-v4-200x238.png 200w, https:\/\/www.handi-mouv.fr\/wp-content\/uploads\/2021\/04\/IMG_1797-v4-400x476.png 400w, https:\/\/www.handi-mouv.fr\/wp-content\/uploads\/2021\/04\/IMG_1797-v4-600x714.png 600w, https:\/\/www.handi-mouv.fr\/wp-content\/uploads\/2021\/04\/IMG_1797-v4-800x952.png 800w, https:\/\/www.handi-mouv.fr\/wp-content\/uploads\/2021\/04\/IMG_1797-v4-1200x1428.png 1200w, https:\/\/www.handi-mouv.fr\/wp-content\/uploads\/2021\/04\/IMG_1797-v4.png 3631w\" data-sizes=\"auto\" data-orig-sizes=\"(max-width: 1200px) 100vw, (max-width: 640px) 100vw, 1200px\" \/><\/span><\/div><\/div><\/div><style type=\"text\/css\">.fusion-body .fusion-builder-column-1{width:43% !important;margin-top : 0px;margin-bottom : 0px;}.fusion-builder-column-1 > .fusion-column-wrapper {padding-top : 0px !important;padding-right : 0px !important;margin-right : 4.4651162790698%;padding-bottom : 0px !important;padding-left : 0px !important;margin-left : 4.4651162790698%;}@media only screen and (max-width:1200px) {.fusion-body .fusion-builder-column-1{width:100% !important;}.fusion-builder-column-1 > .fusion-column-wrapper {margin-right : 1.92%;margin-left : 1.92%;}}@media only screen and (max-width:640px) {.fusion-body .fusion-builder-column-1{width:100% !important;}.fusion-builder-column-1 > .fusion-column-wrapper {margin-right : 1.92%;margin-left : 1.92%;}}<\/style><div class=\"fusion-layout-column fusion_builder_column fusion-builder-column-2 fusion-flex-column fusion-animated\" data-animationType=\"fadeInUp\" data-animationDuration=\"1.0\" data-animationOffset=\"100%\"><div class=\"fusion-column-wrapper fusion-flex-justify-content-center fusion-content-layout-column\" style=\"background-position:left top;background-repeat:no-repeat;-webkit-background-size:cover;-moz-background-size:cover;-o-background-size:cover;background-size:cover;padding: 0px 0px 0px 0px;\"><style type=\"text\/css\">@media only screen and (max-width:1200px) {.fusion-title.fusion-title-2{margin-top:10px!important;margin-bottom:0px!important;}}@media only screen and (max-width:640px) {.fusion-title.fusion-title-2{margin-top:10px!important;margin-bottom:0px!important;}}<\/style><div class=\"fusion-title title fusion-title-2 fusion-sep-none fusion-title-center fusion-title-text fusion-title-size-one\" style=\"font-size:35px;margin-top:10px;margin-bottom:0px;\"><h1 class=\"title-heading-center\" style=\"font-family:&quot;Montserrat&quot;;font-weight:600;margin:0;font-size:1em;color:#7bb3af;\"><\/h1><\/div><style type=\"text\/css\">@media only screen and (max-width:1200px) {.fusion-title.fusion-title-3{margin-top:10px!important;margin-bottom:15px!important;}}@media only screen and (max-width:640px) {.fusion-title.fusion-title-3{margin-top:10px!important;margin-bottom:10px!important;}}<\/style><div class=\"fusion-title title fusion-title-3 fusion-sep-none fusion-title-center fusion-title-text fusion-title-size-two\" style=\"font-size:34px;margin-top:10px;margin-bottom:15px;\"><h2 class=\"title-heading-center\" style=\"font-family:&quot;Montserrat&quot;;font-weight:700;margin:0;font-size:1em;color:#dd5f56;\">Bienvenue<\/h2><\/div><div class=\"fusion-text fusion-text-2\" style=\"transform:translate3d(0,0,0);\"><p style=\"text-align: center;\">Bonjour, je m&#8217;appelle Hugo Breyer et je suis \u00e9ducateur sportif sp\u00e9cialis\u00e9 dans le secteur de Colmar et  Mulhouse (68)<\/p>\n<p style=\"text-align: center;\">Passionn\u00e9 de sport depuis l&#8217;enfance j&#8217;ai souhait\u00e9 me former pour pouvoir transmettre cette m\u00eame passion \u00e0 tous les publics.<\/p>\n<p style=\"text-align: center;\">Je suis dipl\u00f4m\u00e9 de la facult\u00e9 de Strasbourg d&#8217;un DEUST Sport adapt\u00e9 ce qui m&#8217;a permis d&#8217;acqu\u00e9rir les comp\u00e9tences d&#8217;accompagnement et d&#8217;identification des besoins chez les personnes en situation de handicap.<\/p>\n<p style=\"text-align: center;\">Je suis dans la capacit\u00e9 d&#8217;encadrer tous types de handicap afin de vous accompagner au mieux. Je me ferai un plaisir de vous rencontrer pour construire un projet ensemble.<\/p>\n<\/div><div class=\"fusion-separator\" style=\"align-self: center;margin-left: auto;margin-right: auto;margin-bottom:30px;width:100%;max-width:120px;\"><div class=\"fusion-separator-border sep-single\" style=\"border-color:#7bb3af;border-top-width:4px;\"><\/div><\/div><div class=\"fusion-separator fusion-full-width-sep\" style=\"align-self: center;margin-left: auto;margin-right: auto;margin-top:5px;width:100%;\"><div class=\"fusion-separator-border sep-single\" style=\"border-color:#7bb3af;border-top-width:0px;\"><\/div><\/div><div class=\"fusion-separator fusion-full-width-sep\" style=\"align-self: center;margin-left: auto;margin-right: auto;margin-top:20px;width:100%;\"><div class=\"fusion-separator-border sep-single\" style=\"border-color:#7bb3af;border-top-width:0px;\"><\/div><\/div><div class=\"fusion-separator fusion-full-width-sep\" style=\"align-self: center;margin-left: auto;margin-right: auto;margin-top:5px;width:100%;\"><div class=\"fusion-separator-border sep-single\" style=\"border-color:#7bb3af;border-top-width:0px;\"><\/div><\/div><\/div><\/div><style type=\"text\/css\">.fusion-body .fusion-builder-column-2{width:57% !important;margin-top : 0px;margin-bottom : 0px;}.fusion-builder-column-2 > .fusion-column-wrapper {padding-top : 0px !important;padding-right : 0px !important;margin-right : 3.3684210526316%;padding-bottom : 0px !important;padding-left : 0px !important;margin-left : 3.3684210526316%;}@media only screen and (max-width:1200px) {.fusion-body .fusion-builder-column-2{width:100% !important;}.fusion-builder-column-2 > .fusion-column-wrapper {margin-right : 1.92%;margin-left : 1.92%;}}@media only screen and (max-width:640px) {.fusion-body .fusion-builder-column-2{width:100% !important;}.fusion-builder-column-2 > .fusion-column-wrapper {margin-right : 1.92%;margin-left : 1.92%;}}<\/style><\/div><style type=\"text\/css\">.fusion-body .fusion-flex-container.fusion-builder-row-2{ padding-top : 200px;margin-top : 0px;padding-right : 0px;padding-bottom : 0px;margin-bottom : 0px;padding-left : 0px;}<\/style><\/div><div class=\"fusion-fullwidth fullwidth-box fusion-builder-row-3 fusion-flex-container nonhundred-percent-fullwidth non-hundred-percent-height-scrolling\" style=\"background-color: rgba(255,255,255,0);background-position: center center;background-repeat: no-repeat;border-width: 0px 0px 0px 0px;border-color:#e2e2e2;border-style:solid;\" ><div class=\"fusion-builder-row fusion-row fusion-flex-align-items-flex-start\" style=\"max-width:1248px;margin-left: calc(-4% \/ 2 );margin-right: calc(-4% \/ 2 );\"><div class=\"fusion-layout-column fusion_builder_column fusion-builder-column-3 fusion_builder_column_1_1 1_1 fusion-flex-column fusion-flex-align-self-center fusion-animated\" data-animationType=\"fadeInUp\" data-animationDuration=\"1.0\" data-animationOffset=\"100%\"><div class=\"fusion-column-wrapper fusion-flex-justify-content-flex-end fusion-content-layout-column\" style=\"background-position:left top;background-repeat:no-repeat;-webkit-background-size:cover;-moz-background-size:cover;-o-background-size:cover;background-size:cover;padding: 0px 0px 0px 0px;\"><style type=\"text\/css\">@media only screen and (max-width:1200px) {.fusion-title.fusion-title-4{margin-top:0px!important;margin-bottom:15px!important;}}@media only screen and (max-width:640px) {.fusion-title.fusion-title-4{margin-top:0px!important;margin-bottom:10px!important;}}<\/style><div class=\"fusion-title title fusion-title-4 fusion-sep-none fusion-title-center fusion-title-text fusion-title-size-two\" style=\"font-size:8em;margin-top:0px;margin-bottom:15px;\"><h2 class=\"title-heading-center\" style=\"font-family:&quot;Montserrat&quot;;font-weight:700;margin:0;font-size:1em;line-height:1em;letter-spacing:-3px;color:#dd5f56;\"><h2 style=\"text-align: center;\"><span style=\"color: #dd5f56;\">Educateur sportif sp\u00e9cialis\u00e9<\/span><\/h2><\/h2><\/div><\/div><\/div><style type=\"text\/css\">.fusion-body .fusion-builder-column-3{width:100% !important;margin-top : 0px;margin-bottom : 20px;}.fusion-builder-column-3 > .fusion-column-wrapper {padding-top : 0px !important;padding-right : 0px !important;margin-right : 1.92%;padding-bottom : 0px !important;padding-left : 0px !important;margin-left : 1.92%;}@media only screen and (max-width:1200px) {.fusion-body .fusion-builder-column-3{width:100% !important;order : 0;}.fusion-builder-column-3 > .fusion-column-wrapper {margin-right : 1.92%;margin-left : 1.92%;}}@media only screen and (max-width:640px) {.fusion-body .fusion-builder-column-3{width:100% !important;order : 0;}.fusion-builder-column-3 > .fusion-column-wrapper {margin-right : 1.92%;margin-left : 1.92%;}}<\/style><div class=\"fusion-layout-column fusion_builder_column fusion-builder-column-4 fusion_builder_column_1_5 1_5 fusion-flex-column fusion-no-small-visibility fusion-no-medium-visibility\"><div class=\"fusion-column-wrapper fusion-flex-justify-content-flex-start fusion-content-layout-column\" style=\"background-position:left top;background-repeat:no-repeat;-webkit-background-size:cover;-moz-background-size:cover;-o-background-size:cover;background-size:cover;padding: 0px 0px 0px 0px;\"><\/div><\/div><style type=\"text\/css\">.fusion-body .fusion-builder-column-4{width:20% !important;margin-top : 0px;margin-bottom : 20px;}.fusion-builder-column-4 > .fusion-column-wrapper {padding-top : 0px !important;padding-right : 0px !important;margin-right : 9.6%;padding-bottom : 0px !important;padding-left : 0px !important;margin-left : 9.6%;}@media only screen and (max-width:1200px) {.fusion-body .fusion-builder-column-4{width:100% !important;}.fusion-builder-column-4 > .fusion-column-wrapper {margin-right : 1.92%;margin-left : 1.92%;}}@media only screen and (max-width:640px) {.fusion-body .fusion-builder-column-4{width:100% !important;}.fusion-builder-column-4 > .fusion-column-wrapper {margin-right : 1.92%;margin-left : 1.92%;}}<\/style><div class=\"fusion-layout-column fusion_builder_column fusion-builder-column-5 fusion_builder_column_3_5 3_5 fusion-flex-column fusion-animated\" data-animationType=\"fadeInUp\" data-animationDuration=\"1.0\" data-animationOffset=\"100%\"><div class=\"fusion-column-wrapper fusion-flex-justify-content-flex-start fusion-content-layout-column\" style=\"background-position:left top;background-repeat:no-repeat;-webkit-background-size:cover;-moz-background-size:cover;-o-background-size:cover;background-size:cover;padding: 0px 0px 0px 0px;\"><div class=\"fusion-text fusion-text-3\" style=\"transform:translate3d(0,0,0);\"><h6>L&#8217;\u00e9ducateur en activit\u00e9s physiques et sportives adapt\u00e9es intervient de mani\u00e8re autonome et en compl\u00e8te responsabilit\u00e9 dans une structure sp\u00e9cialis\u00e9e accueillant des personnes d\u00e9ficientes intellectuelles ou atteintes de troubles psychiques. Mes comp\u00e9tences s&#8217;inscrivent autour de quatre grands domaines:<\/h6>\n<ul>\n<li>Concevoir<\/li>\n<li>Mettre en oeuvre<\/li>\n<li>Evaluer<\/li>\n<li>Coordonner<\/li>\n<\/ul>\n<\/div><div class=\"fusion-separator fusion-full-width-sep\" style=\"align-self: center;margin-left: auto;margin-right: auto;margin-top:20px;width:100%;\"><div class=\"fusion-separator-border sep-single\" style=\"border-color:#7bb3af;border-top-width:0px;\"><\/div><\/div><\/div><\/div><style type=\"text\/css\">.fusion-body .fusion-builder-column-5{width:60% !important;margin-top : 0px;margin-bottom : 20px;}.fusion-builder-column-5 > .fusion-column-wrapper {padding-top : 0px !important;padding-right : 0px !important;margin-right : 3.2%;padding-bottom : 0px !important;padding-left : 0px !important;margin-left : 3.2%;}@media only screen and (max-width:1200px) {.fusion-body .fusion-builder-column-5{width:100% !important;}.fusion-builder-column-5 > .fusion-column-wrapper {margin-right : 1.92%;margin-left : 1.92%;}}@media only screen and (max-width:640px) {.fusion-body .fusion-builder-column-5{width:100% !important;}.fusion-builder-column-5 > .fusion-column-wrapper {margin-right : 1.92%;margin-left : 1.92%;}}<\/style><div class=\"fusion-layout-column fusion_builder_column fusion-builder-column-6 fusion_builder_column_1_5 1_5 fusion-flex-column fusion-no-small-visibility fusion-no-medium-visibility\"><div class=\"fusion-column-wrapper fusion-flex-justify-content-flex-start fusion-content-layout-column\" style=\"background-position:left top;background-repeat:no-repeat;-webkit-background-size:cover;-moz-background-size:cover;-o-background-size:cover;background-size:cover;padding: 0px 0px 0px 0px;\"><\/div><\/div><style type=\"text\/css\">.fusion-body .fusion-builder-column-6{width:20% !important;margin-top : 0px;margin-bottom : 20px;}.fusion-builder-column-6 > .fusion-column-wrapper {padding-top : 0px !important;padding-right : 0px !important;margin-right : 9.6%;padding-bottom : 0px !important;padding-left : 0px !important;margin-left : 9.6%;}@media only screen and (max-width:1200px) {.fusion-body .fusion-builder-column-6{width:100% !important;}.fusion-builder-column-6 > .fusion-column-wrapper {margin-right : 1.92%;margin-left : 1.92%;}}@media only screen and (max-width:640px) {.fusion-body .fusion-builder-column-6{width:100% !important;}.fusion-builder-column-6 > .fusion-column-wrapper {margin-right : 1.92%;margin-left : 1.92%;}}<\/style><div class=\"fusion-layout-column fusion_builder_column fusion-builder-column-7 fusion_builder_column_1_1 1_1 fusion-flex-column\"><div class=\"fusion-column-wrapper fusion-flex-justify-content-flex-start fusion-content-layout-column\" style=\"background-position:left top;background-repeat:no-repeat;-webkit-background-size:cover;-moz-background-size:cover;-o-background-size:cover;background-size:cover;padding: 60px 0px 0px 0px;\"><\/div><\/div><style type=\"text\/css\">.fusion-body .fusion-builder-column-7{width:100% !important;margin-top : 0px;margin-bottom : 0px;}.fusion-builder-column-7 > .fusion-column-wrapper {padding-top : 60px !important;padding-right : 0px !important;margin-right : 1.92%;padding-bottom : 0px !important;padding-left : 0px !important;margin-left : 1.92%;}@media only screen and (max-width:1200px) {.fusion-body .fusion-builder-column-7{width:100% !important;}.fusion-builder-column-7 > .fusion-column-wrapper {margin-right : 1.92%;margin-left : 1.92%;}}@media only screen and (max-width:640px) {.fusion-body .fusion-builder-column-7{width:100% !important;}.fusion-builder-column-7 > .fusion-column-wrapper {margin-right : 1.92%;margin-left : 1.92%;}}<\/style><\/div><style type=\"text\/css\">.fusion-body .fusion-flex-container.fusion-builder-row-3{ padding-top : 6%;margin-top : 0px;padding-right : 0px;padding-bottom : 0px;margin-bottom : 0px;padding-left : 0px;}<\/style><\/div><\/p>\n","protected":false},"excerpt":{"rendered":"","protected":false},"author":1,"featured_media":0,"parent":0,"menu_order":0,"comment_status":"closed","ping_status":"closed","template":"100-width.php","meta":[],"_links":{"self":[{"href":"https:\/\/www.handi-mouv.fr\/index.php\/wp-json\/wp\/v2\/pages\/787"}],"collection":[{"href":"https:\/\/www.handi-mouv.fr\/index.php\/wp-json\/wp\/v2\/pages"}],"about":[{"href":"https:\/\/www.handi-mouv.fr\/index.php\/wp-json\/wp\/v2\/types\/page"}],"author":[{"embeddable":true,"href":"https:\/\/www.handi-mouv.fr\/index.php\/wp-json\/wp\/v2\/users\/1"}],"replies":[{"embeddable":true,"href":"https:\/\/www.handi-mouv.fr\/index.php\/wp-json\/wp\/v2\/comments?post=787"}],"version-history":[{"count":26,"href":"https:\/\/www.handi-mouv.fr\/index.php\/wp-json\/wp\/v2\/pages\/787\/revisions"}],"predecessor-version":[{"id":942,"href":"https:\/\/www.handi-mouv.fr\/index.php\/wp-json\/wp\/v2\/pages\/787\/revisions\/942"}],"wp:attachment":[{"href":"https:\/\/www.handi-mouv.fr\/index.php\/wp-json\/wp\/v2\/media?parent=787"}],"curies":[{"name":"wp","href":"https:\/\/api.w.org\/{rel}","templated":true}]}}